{"id":13,"date":"2020-11-22T17:27:46","date_gmt":"2020-11-22T17:27:46","guid":{"rendered":"http:\/\/wbrseg.com.br\/?page_id=13"},"modified":"2020-11-22T17:30:29","modified_gmt":"2020-11-22T17:30:29","slug":"biometria-facial","status":"publish","type":"page","link":"https:\/\/wbrseg.com.br\/?page_id=13","title":{"rendered":"Biometria Facial"},"content":{"rendered":"\n<figure class=\"wp-block-image size-large\"><img loading=\"lazy\" width=\"590\" height=\"360\" src=\"http:\/\/wbrseg.com.br\/wp-content\/uploads\/2020\/11\/facial-leitor.png\" alt=\"\" class=\"wp-image-27\" srcset=\"https:\/\/wbrseg.com.br\/wp-content\/uploads\/2020\/11\/facial-leitor.png 590w, https:\/\/wbrseg.com.br\/wp-content\/uploads\/2020\/11\/facial-leitor-300x183.png 300w\" sizes=\"(max-width: 590px) 100vw, 590px\" \/><\/figure>\n\n\n\n<p>SS 5530 MF FACEControlador de Acesso com reconhecimento facial OSS5530MFFACE \u00e9 um controlador de acesso com autentica\u00e7\u00e3o por reconhecimento facial, RFID 13.56 MHz e por senha, utilizando uma tela sens\u00edvel ao toque de 7 polegadas, podendo ser instaladas em catracas e em portas, liberando o acesso atrav\u00e9s de acionamento de fechaduras el\u00e9tricas ou eletro\u00edm\u00e3s, em ambientes controlados. <\/p>\n\n\n\n<p>-Detec\u00e7\u00e3o facial por profundidade da face, impossibilitando acesso por foto; Indicadoparalocaisinternosecobertos;<\/p>\n\n\n\n<p>\uf0fcArmazenamento de 50.000 usu\u00e1rios, 50.000 senhas, 50.000 cart\u00f5es, 50.000 imagens de face e 50 administradores; <\/p>\n\n\n\n<p>\uf0fcC\u00e2mara dupla din\u00e2mica ampla 2MP com baixa luminosidade, luz branca e IR, o brilho da luz de preenchimento pode ser ajustado;<\/p>\n\n\n\n<p>\uf0fcPrecis\u00e3o na verifica\u00e7\u00e3o da face>99%;<\/p>\n\n\n\n<p>\uf0fcVelocidade de compara\u00e7\u00e3o da face \u22640,3s por pessoa;<\/p>\n\n\n\n<p>\uf0fcRFID 13.56 MHz<\/p>\n\n\n\n<p>\uf0fcWI-FI<\/p>\n","protected":false},"excerpt":{"rendered":"<p>SS 5530 MF FACEControlador de Acesso com reconhecimento facial OSS5530MFFACE \u00e9 um controlador de acesso com autentica\u00e7\u00e3o por reconhecimento facial, RFID 13.56 MHz e por senha, utilizando uma tela sens\u00edvel ao toque de 7 polegadas, podendo ser instaladas em catracas e em portas, liberando o acesso atrav\u00e9s de acionamento de fechaduras el\u00e9tricas ou eletro\u00edm\u00e3s, em [&hellip;]<\/p>\n","protected":false},"author":1,"featured_media":29,"parent":0,"menu_order":0,"comment_status":"closed","ping_status":"closed","template":"","meta":[],"_links":{"self":[{"href":"https:\/\/wbrseg.com.br\/index.php?rest_route=\/wp\/v2\/pages\/13"}],"collection":[{"href":"https:\/\/wbrseg.com.br\/index.php?rest_route=\/wp\/v2\/pages"}],"about":[{"href":"https:\/\/wbrseg.com.br\/index.php?rest_route=\/wp\/v2\/types\/page"}],"author":[{"embeddable":true,"href":"https:\/\/wbrseg.com.br\/index.php?rest_route=\/wp\/v2\/users\/1"}],"replies":[{"embeddable":true,"href":"https:\/\/wbrseg.com.br\/index.php?rest_route=%2Fwp%2Fv2%2Fcomments&post=13"}],"version-history":[{"count":6,"href":"https:\/\/wbrseg.com.br\/index.php?rest_route=\/wp\/v2\/pages\/13\/revisions"}],"predecessor-version":[{"id":34,"href":"https:\/\/wbrseg.com.br\/index.php?rest_route=\/wp\/v2\/pages\/13\/revisions\/34"}],"wp:featuredmedia":[{"embeddable":true,"href":"https:\/\/wbrseg.com.br\/index.php?rest_route=\/wp\/v2\/media\/29"}],"wp:attachment":[{"href":"https:\/\/wbrseg.com.br\/index.php?rest_route=%2Fwp%2Fv2%2Fmedia&parent=13"}],"curies":[{"name":"wp","href":"https:\/\/api.w.org\/{rel}","templated":true}]}}